{"id":978,"date":"2025-07-25T09:57:24","date_gmt":"2025-07-25T12:57:24","guid":{"rendered":"https:\/\/sinppem-ma.com.br\/?page_id=978"},"modified":"2025-07-25T09:58:12","modified_gmt":"2025-07-25T12:58:12","slug":"aniversariantes","status":"publish","type":"page","link":"https:\/\/sinppem-ma.com.br\/?page_id=978","title":{"rendered":"Aniversariantes"},"content":{"rendered":"<div id=\"td_uid_1_69df1d9717e6a\" class=\"tdc-row\"><div class=\"vc_row td_uid_1_69df1d9717e99_rand  wpb_row td-pb-row\" >\n<style scoped>\n\n\/* custom css *\/\n.td_uid_1_69df1d9717e99_rand {\n                    min-height: 0;\n                }\n<\/style><div class=\"vc_column td_uid_2_69df1d97185b5_rand  wpb_column vc_column_container tdc-column td-pb-span8\">\n<style scoped>\n\n\/* custom css *\/\n.td_uid_2_69df1d97185b5_rand {\n                    vertical-align: baseline;\n                }\n<\/style><div class=\"wpb_wrapper\"><\/div><\/div><div class=\"vc_column td_uid_3_69df1d971865f_rand  wpb_column vc_column_container tdc-column td-pb-span4\">\n<style scoped>\n\n\/* custom css *\/\n.td_uid_3_69df1d971865f_rand {\n                    vertical-align: baseline;\n                }\n<\/style><div class=\"wpb_wrapper\"><div class=\"td_block_wrap td_block_3 td_uid_4_69df1d9718b7b_rand td_with_ajax_pagination td-pb-border-top td_block_template_1 td-column-1 td_block_padding\"  data-td-block-uid=\"td_uid_4_69df1d9718b7b\" ><script>var block_td_uid_4_69df1d9718b7b = new tdBlock();\nblock_td_uid_4_69df1d9718b7b.id = \"td_uid_4_69df1d9718b7b\";\nblock_td_uid_4_69df1d9718b7b.atts = '{\"custom_title\":\"Destaque\",\"sort\":\"random_posts\",\"limit\":\"4\",\"td_ajax_filter_type\":\"td_category_ids_filter\",\"td_filter_default_txt\":\"Todos\",\"ajax_pagination\":\"next_prev\",\"separator\":\"\",\"custom_url\":\"\",\"block_template_id\":\"\",\"m1_tl\":\"\",\"post_ids\":\"\",\"category_id\":\"\",\"category_ids\":\"\",\"tag_slug\":\"\",\"autors_id\":\"\",\"installed_post_types\":\"\",\"offset\":\"\",\"show_modified_date\":\"\",\"el_class\":\"\",\"td_ajax_filter_ids\":\"\",\"td_ajax_preloading\":\"\",\"f_header_font_header\":\"\",\"f_header_font_title\":\"Block header\",\"f_header_font_settings\":\"\",\"f_header_font_family\":\"\",\"f_header_font_size\":\"\",\"f_header_font_line_height\":\"\",\"f_header_font_style\":\"\",\"f_header_font_weight\":\"\",\"f_header_font_transform\":\"\",\"f_header_font_spacing\":\"\",\"f_header_\":\"\",\"f_ajax_font_title\":\"Ajax categories\",\"f_ajax_font_settings\":\"\",\"f_ajax_font_family\":\"\",\"f_ajax_font_size\":\"\",\"f_ajax_font_line_height\":\"\",\"f_ajax_font_style\":\"\",\"f_ajax_font_weight\":\"\",\"f_ajax_font_transform\":\"\",\"f_ajax_font_spacing\":\"\",\"f_ajax_\":\"\",\"f_more_font_title\":\"Load more button\",\"f_more_font_settings\":\"\",\"f_more_font_family\":\"\",\"f_more_font_size\":\"\",\"f_more_font_line_height\":\"\",\"f_more_font_style\":\"\",\"f_more_font_weight\":\"\",\"f_more_font_transform\":\"\",\"f_more_font_spacing\":\"\",\"f_more_\":\"\",\"m1f_title_font_header\":\"\",\"m1f_title_font_title\":\"Article title\",\"m1f_title_font_settings\":\"\",\"m1f_title_font_family\":\"\",\"m1f_title_font_size\":\"\",\"m1f_title_font_line_height\":\"\",\"m1f_title_font_style\":\"\",\"m1f_title_font_weight\":\"\",\"m1f_title_font_transform\":\"\",\"m1f_title_font_spacing\":\"\",\"m1f_title_\":\"\",\"m1f_cat_font_title\":\"Article category tag\",\"m1f_cat_font_settings\":\"\",\"m1f_cat_font_family\":\"\",\"m1f_cat_font_size\":\"\",\"m1f_cat_font_line_height\":\"\",\"m1f_cat_font_style\":\"\",\"m1f_cat_font_weight\":\"\",\"m1f_cat_font_transform\":\"\",\"m1f_cat_font_spacing\":\"\",\"m1f_cat_\":\"\",\"m1f_meta_font_title\":\"Article meta info\",\"m1f_meta_font_settings\":\"\",\"m1f_meta_font_family\":\"\",\"m1f_meta_font_size\":\"\",\"m1f_meta_font_line_height\":\"\",\"m1f_meta_font_style\":\"\",\"m1f_meta_font_weight\":\"\",\"m1f_meta_font_transform\":\"\",\"m1f_meta_font_spacing\":\"\",\"m1f_meta_\":\"\",\"ajax_pagination_infinite_stop\":\"\",\"css\":\"\",\"tdc_css\":\"\",\"td_column_number\":1,\"header_color\":\"\",\"color_preset\":\"\",\"border_top\":\"\",\"class\":\"td_uid_4_69df1d9718b7b_rand\",\"tdc_css_class\":\"td_uid_4_69df1d9718b7b_rand\",\"tdc_css_class_style\":\"td_uid_4_69df1d9718b7b_rand_style\"}';\nblock_td_uid_4_69df1d9718b7b.td_column_number = \"1\";\nblock_td_uid_4_69df1d9718b7b.block_type = \"td_block_3\";\nblock_td_uid_4_69df1d9718b7b.post_count = \"4\";\nblock_td_uid_4_69df1d9718b7b.found_posts = \"72\";\nblock_td_uid_4_69df1d9718b7b.header_color = \"\";\nblock_td_uid_4_69df1d9718b7b.ajax_pagination_infinite_stop = \"\";\nblock_td_uid_4_69df1d9718b7b.max_num_pages = \"18\";\ntdBlocksArray.push(block_td_uid_4_69df1d9718b7b);\n<\/script><div class=\"td-block-title-wrap\"><h4 class=\"block-title td-block-title\"><span class=\"td-pulldown-size\">Destaque<\/span><\/h4><div class=\"td-pulldown-syle-default td-subcat-filter\" id=\"td_pulldown_td_uid_4_69df1d9718b7b\"><ul class=\"td-subcat-list\" id=\"td_pulldown_td_uid_4_69df1d9718b7b_list\"><li class=\"td-subcat-item\"><a class=\"td-subcat-link\" id=\"td_uid_5_69df1d971acd9\" data-td_filter_value=\"\" data-td_block_id=\"td_uid_4_69df1d9718b7b\" href=\"#\">Todos<\/a><\/li><li class=\"td-subcat-item\"><a class=\"td-subcat-link\" id=\"td_uid_6_69df1d971acdd\" data-td_filter_value=\"12\" data-td_block_id=\"td_uid_4_69df1d9718b7b\" href=\"#\">Conv\u00eanios<\/a><\/li><li class=\"td-subcat-item\"><a class=\"td-subcat-link\" id=\"td_uid_7_69df1d971acdf\" data-td_filter_value=\"10\" data-td_block_id=\"td_uid_4_69df1d9718b7b\" href=\"#\">Galeria de Imagens<\/a><\/li><li class=\"td-subcat-item\"><a class=\"td-subcat-link\" id=\"td_uid_8_69df1d971ace0\" data-td_filter_value=\"9\" data-td_block_id=\"td_uid_4_69df1d9718b7b\" href=\"#\">Not\u00edcias<\/a><\/li><li class=\"td-subcat-item\"><a class=\"td-subcat-link\" id=\"td_uid_9_69df1d971ace2\" data-td_filter_value=\"15\" data-td_block_id=\"td_uid_4_69df1d9718b7b\" href=\"#\">O Sindspem<\/a><\/li><li class=\"td-subcat-item\"><a class=\"td-subcat-link\" id=\"td_uid_10_69df1d971ace4\" data-td_filter_value=\"2\" data-td_block_id=\"td_uid_4_69df1d9718b7b\" href=\"#\">Pol\u00edcia Penal<\/a><\/li><\/ul><div class=\"td-subcat-dropdown\"><div class=\"td-subcat-more\" aria-haspopup=\"true\"><span>Mais<\/span><i class=\"td-icon-read-down\"><\/i><\/div><ul class=\"td-pulldown-filter-list\"><\/ul><\/div><\/div><\/div><div id=td_uid_4_69df1d9718b7b class=\"td_block_inner\">\n\n\t<div class=\"td-block-span12\">\n\n        <div class=\"td_module_1 td_module_wrap td-animation-stack\">\n            <div class=\"td-module-image\">\n                <div class=\"td-module-thumb\"><a href=\"https:\/\/sinppem-ma.com.br\/?p=605\" rel=\"bookmark\" class=\"td-image-wrap\" title=\"Nota de Falecimento\"><img fetchpriority=\"high\" decoding=\"async\" width=\"324\" height=\"160\" class=\"entry-thumb\" src=\"https:\/\/sinppem-ma.com.br\/wp-content\/uploads\/2020\/09\/sinds_luto-324x160.jpeg\"  srcset=\"https:\/\/sinppem-ma.com.br\/wp-content\/uploads\/2020\/09\/sinds_luto-324x160.jpeg 324w, https:\/\/sinppem-ma.com.br\/wp-content\/uploads\/2020\/09\/sinds_luto-533x261.jpeg 533w\" sizes=\"(max-width: 324px) 100vw, 324px\"  alt=\"\" title=\"Nota de Falecimento\" \/><\/a><\/div>                <a href=\"https:\/\/sinppem-ma.com.br\/?cat=9\" class=\"td-post-category\">Not\u00edcias<\/a>            <\/div>\n            <h3 class=\"entry-title td-module-title\"><a href=\"https:\/\/sinppem-ma.com.br\/?p=605\" rel=\"bookmark\" title=\"Nota de Falecimento\">Nota de Falecimento<\/a><\/h3>\n            <div class=\"td-module-meta-info\">\n                <span class=\"td-post-author-name\"><a href=\"https:\/\/sinppem-ma.com.br\/?author=3\">SindsMAEditor<\/a> <span>-<\/span> <\/span>                <span class=\"td-post-date\"><time class=\"entry-date updated td-module-date\" datetime=\"2021-01-18T08:08:24+00:00\" >18\/01\/2021<\/time><\/span>                <div class=\"td-module-comments\"><a href=\"https:\/\/sinppem-ma.com.br\/?p=605#respond\">0<\/a><\/div>            <\/div>\n\n            \n        <\/div>\n\n        \n\t<\/div> <!-- .\/td-block-span12 -->\n\n\t<div class=\"td-block-span12\">\n\n        <div class=\"td_module_1 td_module_wrap td-animation-stack\">\n            <div class=\"td-module-image\">\n                <div class=\"td-module-thumb\"><a href=\"https:\/\/sinppem-ma.com.br\/?p=652\" rel=\"bookmark\" class=\"td-image-wrap\" title=\"Homenagem aos pol\u00edcias penais da turma\/89 pelos 33 anos\"><img decoding=\"async\" width=\"324\" height=\"160\" class=\"entry-thumb\" src=\"https:\/\/sinppem-ma.com.br\/wp-content\/uploads\/2022\/01\/foto_sidspem_33anos-324x160.jpeg\"  srcset=\"https:\/\/sinppem-ma.com.br\/wp-content\/uploads\/2022\/01\/foto_sidspem_33anos-324x160.jpeg 324w, https:\/\/sinppem-ma.com.br\/wp-content\/uploads\/2022\/01\/foto_sidspem_33anos-533x261.jpeg 533w\" sizes=\"(max-width: 324px) 100vw, 324px\"  alt=\"\" title=\"Homenagem aos pol\u00edcias penais da turma\/89 pelos 33 anos\" \/><\/a><\/div>                <a href=\"https:\/\/sinppem-ma.com.br\/?cat=9\" class=\"td-post-category\">Not\u00edcias<\/a>            <\/div>\n            <h3 class=\"entry-title td-module-title\"><a href=\"https:\/\/sinppem-ma.com.br\/?p=652\" rel=\"bookmark\" title=\"Homenagem aos pol\u00edcias penais da turma\/89 pelos 33 anos\">Homenagem aos pol\u00edcias penais da turma\/89 pelos 33 anos<\/a><\/h3>\n            <div class=\"td-module-meta-info\">\n                <span class=\"td-post-author-name\"><a href=\"https:\/\/sinppem-ma.com.br\/?author=3\">SindsMAEditor<\/a> <span>-<\/span> <\/span>                <span class=\"td-post-date\"><time class=\"entry-date updated td-module-date\" datetime=\"2022-01-28T10:16:25+00:00\" >28\/01\/2022<\/time><\/span>                <div class=\"td-module-comments\"><a href=\"https:\/\/sinppem-ma.com.br\/?p=652#respond\">0<\/a><\/div>            <\/div>\n\n            \n        <\/div>\n\n        \n\t<\/div> <!-- .\/td-block-span12 -->\n\n\t<div class=\"td-block-span12\">\n\n        <div class=\"td_module_1 td_module_wrap td-animation-stack\">\n            <div class=\"td-module-image\">\n                <div class=\"td-module-thumb\"><a href=\"https:\/\/sinppem-ma.com.br\/?p=480\" rel=\"bookmark\" class=\"td-image-wrap\" title=\"Reuni\u00e3o com os l\u00edderes dos sindicatos de Estados\"><img decoding=\"async\" width=\"324\" height=\"160\" class=\"entry-thumb\" src=\"https:\/\/sinppem-ma.com.br\/wp-content\/plugins\/td-composer\/legacy\/Newspaper\/assets\/images\/no-thumb\/td_324x160.png\"  alt=\"\" \/><span class=\"td-video-play-ico\"><img loading=\"lazy\" decoding=\"async\" width=\"40\" height=\"40\" class=\"td-retina\" src=\"https:\/\/sinppem-ma.com.br\/wp-content\/plugins\/td-composer\/legacy\/Newspaper\/assets\/images\/icons\/ico-video-large.png\" alt=\"video\"\/><\/span><\/a><\/div>                <a href=\"https:\/\/sinppem-ma.com.br\/?cat=9\" class=\"td-post-category\">Not\u00edcias<\/a>            <\/div>\n            <h3 class=\"entry-title td-module-title\"><a href=\"https:\/\/sinppem-ma.com.br\/?p=480\" rel=\"bookmark\" title=\"Reuni\u00e3o com os l\u00edderes dos sindicatos de Estados\">Reuni\u00e3o com os l\u00edderes dos sindicatos de Estados<\/a><\/h3>\n            <div class=\"td-module-meta-info\">\n                <span class=\"td-post-author-name\"><a href=\"https:\/\/sinppem-ma.com.br\/?author=3\">SindsMAEditor<\/a> <span>-<\/span> <\/span>                <span class=\"td-post-date\"><time class=\"entry-date updated td-module-date\" datetime=\"2019-09-18T09:42:27+00:00\" >18\/09\/2019<\/time><\/span>                <div class=\"td-module-comments\"><a href=\"https:\/\/sinppem-ma.com.br\/?p=480#respond\">0<\/a><\/div>            <\/div>\n\n            \n        <\/div>\n\n        \n\t<\/div> <!-- .\/td-block-span12 -->\n\n\t<div class=\"td-block-span12\">\n\n        <div class=\"td_module_1 td_module_wrap td-animation-stack\">\n            <div class=\"td-module-image\">\n                <div class=\"td-module-thumb\"><a href=\"https:\/\/sinppem-ma.com.br\/?p=382\" rel=\"bookmark\" class=\"td-image-wrap\" title=\"CENTRO INTERNACIONAL DE IDIOMAS E INTERC\u00c2MBIO\"><img loading=\"lazy\" decoding=\"async\" width=\"188\" height=\"150\" class=\"entry-thumb\" src=\"https:\/\/sinppem-ma.com.br\/wp-content\/uploads\/2019\/09\/cii.gif\"   alt=\"\" title=\"CENTRO INTERNACIONAL DE IDIOMAS E INTERC\u00c2MBIO\" \/><\/a><\/div>                <a href=\"https:\/\/sinppem-ma.com.br\/?cat=12\" class=\"td-post-category\">Conv\u00eanios<\/a>            <\/div>\n            <h3 class=\"entry-title td-module-title\"><a href=\"https:\/\/sinppem-ma.com.br\/?p=382\" rel=\"bookmark\" title=\"CENTRO INTERNACIONAL DE IDIOMAS E INTERC\u00c2MBIO\">CENTRO INTERNACIONAL DE IDIOMAS E INTERC\u00c2MBIO<\/a><\/h3>\n            <div class=\"td-module-meta-info\">\n                <span class=\"td-post-author-name\"><a href=\"https:\/\/sinppem-ma.com.br\/?author=3\">SindsMAEditor<\/a> <span>-<\/span> <\/span>                <span class=\"td-post-date\"><time class=\"entry-date updated td-module-date\" datetime=\"2019-09-16T20:12:19+00:00\" >16\/09\/2019<\/time><\/span>                <div class=\"td-module-comments\"><a href=\"https:\/\/sinppem-ma.com.br\/?p=382#respond\">0<\/a><\/div>            <\/div>\n\n            \n        <\/div>\n\n        \n\t<\/div> <!-- .\/td-block-span12 --><\/div><div class=\"td-next-prev-wrap\"><a href=\"#\" class=\"td-ajax-prev-page ajax-page-disabled\" id=\"prev-page-td_uid_4_69df1d9718b7b\" data-td_block_id=\"td_uid_4_69df1d9718b7b\"><i class=\"td-icon-font td-icon-menu-left\"><\/i><\/a><a href=\"#\"  class=\"td-ajax-next-page\" id=\"next-page-td_uid_4_69df1d9718b7b\" data-td_block_id=\"td_uid_4_69df1d9718b7b\"><i class=\"td-icon-font td-icon-menu-right\"><\/i><\/a><\/div><\/div> <!-- .\/block --><div class=\"td_block_wrap td_block_2 td_uid_11_69df1d971ce76_rand td-pb-border-top td_block_template_1 td-column-1 td_block_padding\"  data-td-block-uid=\"td_uid_11_69df1d971ce76\" ><script>var block_td_uid_11_69df1d971ce76 = new tdBlock();\nblock_td_uid_11_69df1d971ce76.id = \"td_uid_11_69df1d971ce76\";\nblock_td_uid_11_69df1d971ce76.atts = '{\"custom_title\":\"Conv\\u00eanios\",\"category_id\":\"12\",\"sort\":\"random_posts\",\"limit\":\"4\",\"td_filter_default_txt\":\"Todos\",\"separator\":\"\",\"custom_url\":\"\",\"block_template_id\":\"\",\"m2_tl\":\"\",\"m2_el\":\"\",\"m6_tl\":\"\",\"post_ids\":\"\",\"category_ids\":\"\",\"tag_slug\":\"\",\"autors_id\":\"\",\"installed_post_types\":\"\",\"offset\":\"\",\"show_modified_date\":\"\",\"el_class\":\"\",\"td_ajax_filter_type\":\"\",\"td_ajax_filter_ids\":\"\",\"td_ajax_preloading\":\"\",\"f_header_font_header\":\"\",\"f_header_font_title\":\"Block header\",\"f_header_font_settings\":\"\",\"f_header_font_family\":\"\",\"f_header_font_size\":\"\",\"f_header_font_line_height\":\"\",\"f_header_font_style\":\"\",\"f_header_font_weight\":\"\",\"f_header_font_transform\":\"\",\"f_header_font_spacing\":\"\",\"f_header_\":\"\",\"f_ajax_font_title\":\"Ajax categories\",\"f_ajax_font_settings\":\"\",\"f_ajax_font_family\":\"\",\"f_ajax_font_size\":\"\",\"f_ajax_font_line_height\":\"\",\"f_ajax_font_style\":\"\",\"f_ajax_font_weight\":\"\",\"f_ajax_font_transform\":\"\",\"f_ajax_font_spacing\":\"\",\"f_ajax_\":\"\",\"f_more_font_title\":\"Load more button\",\"f_more_font_settings\":\"\",\"f_more_font_family\":\"\",\"f_more_font_size\":\"\",\"f_more_font_line_height\":\"\",\"f_more_font_style\":\"\",\"f_more_font_weight\":\"\",\"f_more_font_transform\":\"\",\"f_more_font_spacing\":\"\",\"f_more_\":\"\",\"m2f_title_font_header\":\"\",\"m2f_title_font_title\":\"Article title\",\"m2f_title_font_settings\":\"\",\"m2f_title_font_family\":\"\",\"m2f_title_font_size\":\"\",\"m2f_title_font_line_height\":\"\",\"m2f_title_font_style\":\"\",\"m2f_title_font_weight\":\"\",\"m2f_title_font_transform\":\"\",\"m2f_title_font_spacing\":\"\",\"m2f_title_\":\"\",\"m2f_cat_font_title\":\"Article category tag\",\"m2f_cat_font_settings\":\"\",\"m2f_cat_font_family\":\"\",\"m2f_cat_font_size\":\"\",\"m2f_cat_font_line_height\":\"\",\"m2f_cat_font_style\":\"\",\"m2f_cat_font_weight\":\"\",\"m2f_cat_font_transform\":\"\",\"m2f_cat_font_spacing\":\"\",\"m2f_cat_\":\"\",\"m2f_meta_font_title\":\"Article meta info\",\"m2f_meta_font_settings\":\"\",\"m2f_meta_font_family\":\"\",\"m2f_meta_font_size\":\"\",\"m2f_meta_font_line_height\":\"\",\"m2f_meta_font_style\":\"\",\"m2f_meta_font_weight\":\"\",\"m2f_meta_font_transform\":\"\",\"m2f_meta_font_spacing\":\"\",\"m2f_meta_\":\"\",\"m2f_ex_font_title\":\"Article excerpt\",\"m2f_ex_font_settings\":\"\",\"m2f_ex_font_family\":\"\",\"m2f_ex_font_size\":\"\",\"m2f_ex_font_line_height\":\"\",\"m2f_ex_font_style\":\"\",\"m2f_ex_font_weight\":\"\",\"m2f_ex_font_transform\":\"\",\"m2f_ex_font_spacing\":\"\",\"m2f_ex_\":\"\",\"m6f_title_font_header\":\"\",\"m6f_title_font_title\":\"Article title\",\"m6f_title_font_settings\":\"\",\"m6f_title_font_family\":\"\",\"m6f_title_font_size\":\"\",\"m6f_title_font_line_height\":\"\",\"m6f_title_font_style\":\"\",\"m6f_title_font_weight\":\"\",\"m6f_title_font_transform\":\"\",\"m6f_title_font_spacing\":\"\",\"m6f_title_\":\"\",\"m6f_cat_font_title\":\"Article category tag\",\"m6f_cat_font_settings\":\"\",\"m6f_cat_font_family\":\"\",\"m6f_cat_font_size\":\"\",\"m6f_cat_font_line_height\":\"\",\"m6f_cat_font_style\":\"\",\"m6f_cat_font_weight\":\"\",\"m6f_cat_font_transform\":\"\",\"m6f_cat_font_spacing\":\"\",\"m6f_cat_\":\"\",\"m6f_meta_font_title\":\"Article meta info\",\"m6f_meta_font_settings\":\"\",\"m6f_meta_font_family\":\"\",\"m6f_meta_font_size\":\"\",\"m6f_meta_font_line_height\":\"\",\"m6f_meta_font_style\":\"\",\"m6f_meta_font_weight\":\"\",\"m6f_meta_font_transform\":\"\",\"m6f_meta_font_spacing\":\"\",\"m6f_meta_\":\"\",\"ajax_pagination\":\"\",\"ajax_pagination_infinite_stop\":\"\",\"css\":\"\",\"tdc_css\":\"\",\"td_column_number\":1,\"header_color\":\"\",\"color_preset\":\"\",\"border_top\":\"\",\"class\":\"td_uid_11_69df1d971ce76_rand\",\"tdc_css_class\":\"td_uid_11_69df1d971ce76_rand\",\"tdc_css_class_style\":\"td_uid_11_69df1d971ce76_rand_style\"}';\nblock_td_uid_11_69df1d971ce76.td_column_number = \"1\";\nblock_td_uid_11_69df1d971ce76.block_type = \"td_block_2\";\nblock_td_uid_11_69df1d971ce76.post_count = \"4\";\nblock_td_uid_11_69df1d971ce76.found_posts = \"16\";\nblock_td_uid_11_69df1d971ce76.header_color = \"\";\nblock_td_uid_11_69df1d971ce76.ajax_pagination_infinite_stop = \"\";\nblock_td_uid_11_69df1d971ce76.max_num_pages = \"4\";\ntdBlocksArray.push(block_td_uid_11_69df1d971ce76);\n<\/script><div class=\"td-block-title-wrap\"><h4 class=\"block-title td-block-title\"><span class=\"td-pulldown-size\">Conv\u00eanios<\/span><\/h4><\/div><div id=td_uid_11_69df1d971ce76 class=\"td_block_inner\">\n\n\t<div class=\"td-block-span12\">\n\n        <div class=\"td_module_2 td_module_wrap td-animation-stack\">\n            <div class=\"td-module-image\">\n                <div class=\"td-module-thumb\"><a href=\"https:\/\/sinppem-ma.com.br\/?p=955\" rel=\"bookmark\" class=\"td-image-wrap\" title=\"CNA IDIOMAS\"><img loading=\"lazy\" decoding=\"async\" width=\"324\" height=\"160\" class=\"entry-thumb\" src=\"https:\/\/sinppem-ma.com.br\/wp-content\/uploads\/2025\/07\/cna_2025-324x160.jpeg\"  srcset=\"https:\/\/sinppem-ma.com.br\/wp-content\/uploads\/2025\/07\/cna_2025-324x160.jpeg 324w, https:\/\/sinppem-ma.com.br\/wp-content\/uploads\/2025\/07\/cna_2025-533x261.jpeg 533w\" sizes=\"(max-width: 324px) 100vw, 324px\"  alt=\"\" title=\"CNA IDIOMAS\" \/><\/a><\/div>                <a href=\"https:\/\/sinppem-ma.com.br\/?cat=12\" class=\"td-post-category\">Conv\u00eanios<\/a>            <\/div>\n            <h3 class=\"entry-title td-module-title\"><a href=\"https:\/\/sinppem-ma.com.br\/?p=955\" rel=\"bookmark\" title=\"CNA IDIOMAS\">CNA IDIOMAS<\/a><\/h3>\n\n            <div class=\"td-module-meta-info\">\n                <span class=\"td-post-author-name\"><a href=\"https:\/\/sinppem-ma.com.br\/?author=5\">Sinds_MA<\/a> <span>-<\/span> <\/span>                <span class=\"td-post-date\"><time class=\"entry-date updated td-module-date\" datetime=\"2025-07-18T10:50:36+00:00\" >18\/07\/2025<\/time><\/span>                <div class=\"td-module-comments\"><a href=\"https:\/\/sinppem-ma.com.br\/?p=955#respond\">0<\/a><\/div>            <\/div>\n\n\n            <div class=\"td-excerpt\">\n                \nCNA IDIOMAS\n            <\/div>\n\n            \n        <\/div>\n\n        \n\t<\/div> <!-- .\/td-block-span12 -->\n\n\t<div class=\"td-block-span12\">\n\n        <div class=\"td_module_6 td_module_wrap td-animation-stack\">\n\n        <div class=\"td-module-thumb\"><a href=\"https:\/\/sinppem-ma.com.br\/?p=952\" rel=\"bookmark\" class=\"td-image-wrap\" title=\"Col\u00e9gio Santa Teresa\"><img loading=\"lazy\" decoding=\"async\" width=\"100\" height=\"70\" class=\"entry-thumb\" src=\"https:\/\/sinppem-ma.com.br\/wp-content\/uploads\/2025\/07\/santa_teresa_2025-100x70.jpeg\"  srcset=\"https:\/\/sinppem-ma.com.br\/wp-content\/uploads\/2025\/07\/santa_teresa_2025-100x70.jpeg 100w, https:\/\/sinppem-ma.com.br\/wp-content\/uploads\/2025\/07\/santa_teresa_2025-218x150.jpeg 218w\" sizes=\"(max-width: 100px) 100vw, 100px\"  alt=\"\" title=\"Col\u00e9gio Santa Teresa\" \/><\/a><\/div>\n        <div class=\"item-details\">\n            <h3 class=\"entry-title td-module-title\"><a href=\"https:\/\/sinppem-ma.com.br\/?p=952\" rel=\"bookmark\" title=\"Col\u00e9gio Santa Teresa\">Col\u00e9gio Santa Teresa<\/a><\/h3>            <div class=\"td-module-meta-info\">\n                                                <span class=\"td-post-date\"><time class=\"entry-date updated td-module-date\" datetime=\"2025-07-18T10:44:29+00:00\" >18\/07\/2025<\/time><\/span>                            <\/div>\n        <\/div>\n\n        <\/div>\n\n        \n\t<\/div> <!-- .\/td-block-span12 -->\n\n\t<div class=\"td-block-span12\">\n\n        <div class=\"td_module_6 td_module_wrap td-animation-stack\">\n\n        <div class=\"td-module-thumb\"><a href=\"https:\/\/sinppem-ma.com.br\/?p=395\" rel=\"bookmark\" class=\"td-image-wrap\" title=\"IESF\"><img loading=\"lazy\" decoding=\"async\" width=\"100\" height=\"70\" class=\"entry-thumb\" src=\"https:\/\/sinppem-ma.com.br\/wp-content\/uploads\/2019\/09\/iesf-100x70.jpg\"  srcset=\"https:\/\/sinppem-ma.com.br\/wp-content\/uploads\/2019\/09\/iesf-100x70.jpg 100w, https:\/\/sinppem-ma.com.br\/wp-content\/uploads\/2019\/09\/iesf-218x150.jpg 218w, https:\/\/sinppem-ma.com.br\/wp-content\/uploads\/2019\/09\/iesf-225x160.jpg 225w\" sizes=\"(max-width: 100px) 100vw, 100px\"  alt=\"\" title=\"IESF\" \/><\/a><\/div>\n        <div class=\"item-details\">\n            <h3 class=\"entry-title td-module-title\"><a href=\"https:\/\/sinppem-ma.com.br\/?p=395\" rel=\"bookmark\" title=\"IESF\">IESF<\/a><\/h3>            <div class=\"td-module-meta-info\">\n                                                <span class=\"td-post-date\"><time class=\"entry-date updated td-module-date\" datetime=\"2019-09-16T20:36:53+00:00\" >16\/09\/2019<\/time><\/span>                            <\/div>\n        <\/div>\n\n        <\/div>\n\n        \n\t<\/div> <!-- .\/td-block-span12 -->\n\n\t<div class=\"td-block-span12\">\n\n        <div class=\"td_module_6 td_module_wrap td-animation-stack\">\n\n        <div class=\"td-module-thumb\"><a href=\"https:\/\/sinppem-ma.com.br\/?p=393\" rel=\"bookmark\" class=\"td-image-wrap\" title=\"Faculdade Pit\u00e1goras\"><img loading=\"lazy\" decoding=\"async\" width=\"100\" height=\"70\" class=\"entry-thumb\" src=\"https:\/\/sinppem-ma.com.br\/wp-content\/uploads\/2019\/09\/pitagoras-100x70.jpg\"  srcset=\"https:\/\/sinppem-ma.com.br\/wp-content\/uploads\/2019\/09\/pitagoras-100x70.jpg 100w, https:\/\/sinppem-ma.com.br\/wp-content\/uploads\/2019\/09\/pitagoras-218x150.jpg 218w\" sizes=\"(max-width: 100px) 100vw, 100px\"  alt=\"\" title=\"Faculdade Pit\u00e1goras\" \/><\/a><\/div>\n        <div class=\"item-details\">\n            <h3 class=\"entry-title td-module-title\"><a href=\"https:\/\/sinppem-ma.com.br\/?p=393\" rel=\"bookmark\" title=\"Faculdade Pit\u00e1goras\">Faculdade Pit\u00e1goras<\/a><\/h3>            <div class=\"td-module-meta-info\">\n                                                <span class=\"td-post-date\"><time class=\"entry-date updated td-module-date\" datetime=\"2019-09-16T20:36:25+00:00\" >16\/09\/2019<\/time><\/span>                            <\/div>\n        <\/div>\n\n        <\/div>\n\n        \n\t<\/div> <!-- .\/td-block-span12 --><\/div><\/div> <!-- .\/block --><\/div><\/div><\/div><\/div>","protected":false},"excerpt":{"rendered":"DestaqueTodosConv\u00eaniosGaleria de ImagensNot\u00edciasO SindspemPol\u00edcia PenalMais Not\u00edcias SINDSPEM Em audi\u00eancia no Conselho de seguran\u00e7a p\u00fablica SindsMAEditor - 27\/05\/2021 0 Not\u00edcias Nota de pesar SindsMAEditor - 26\/04\/2020 0 Not\u00edcias PROCESSO SELETIVO SISTEMA PENITENCI\u00c1RIO 2023 SindsMAEditor - 26\/04\/2023 0 Conv\u00eanios LGV SindsMAEditor - 16\/09\/2019 0 Conv\u00eanios Conv\u00eanios CNA IDIOMAS Sinds_MA - 18\/07\/2025 0 CNA IDIOMAS Col\u00e9gio o Bom [...]","protected":false},"author":5,"featured_media":0,"parent":0,"menu_order":0,"comment_status":"closed","ping_status":"closed","template":"","meta":{"footnotes":""},"class_list":["post-978","page","type-page","status-publish"],"_links":{"self":[{"href":"https:\/\/sinppem-ma.com.br\/index.php?rest_route=\/wp\/v2\/pages\/978","targetHints":{"allow":["GET"]}}],"collection":[{"href":"https:\/\/sinppem-ma.com.br\/index.php?rest_route=\/wp\/v2\/pages"}],"about":[{"href":"https:\/\/sinppem-ma.com.br\/index.php?rest_route=\/wp\/v2\/types\/page"}],"author":[{"embeddable":true,"href":"https:\/\/sinppem-ma.com.br\/index.php?rest_route=\/wp\/v2\/users\/5"}],"replies":[{"embeddable":true,"href":"https:\/\/sinppem-ma.com.br\/index.php?rest_route=%2Fwp%2Fv2%2Fcomments&post=978"}],"version-history":[{"count":2,"href":"https:\/\/sinppem-ma.com.br\/index.php?rest_route=\/wp\/v2\/pages\/978\/revisions"}],"predecessor-version":[{"id":980,"href":"https:\/\/sinppem-ma.com.br\/index.php?rest_route=\/wp\/v2\/pages\/978\/revisions\/980"}],"wp:attachment":[{"href":"https:\/\/sinppem-ma.com.br\/index.php?rest_route=%2Fwp%2Fv2%2Fmedia&parent=978"}],"curies":[{"name":"wp","href":"https:\/\/api.w.org\/{rel}","templated":true}]}}